{"id":206,"date":"2017-08-14T10:45:14","date_gmt":"2017-08-14T08:45:14","guid":{"rendered":"https:\/\/greenthumb.themerex.net\/?page_id=206"},"modified":"2022-03-11T02:56:26","modified_gmt":"2022-03-11T01:56:26","slug":"kontakt","status":"publish","type":"page","link":"https:\/\/fabryka-ogrodow.com.pl\/?page_id=206","title":{"rendered":"Kontakt"},"content":{"rendered":"<p>[vc_row][vc_column][vc_empty_space height=&#8221;4.35em&#8221; alter_height=&#8221;none&#8221; hide_on_mobile=&#8221;&#8221;]<div id=\"sc_content_1148614112\"\n\t\tclass=\"sc_content color_style_default sc_content_default sc_content_width_80p sc_float_center sc_align_center custom_align_left\"><div class=\"sc_content_container\"><div id=\"sc_title_1738799354\"\n\t\tclass=\"sc_title color_style_default sc_title_default  vc_custom_1645049140602\"><h3 class=\"sc_item_title sc_title_title sc_align_center sc_item_title_style_default\">Jak nas znale\u017a\u0107?<\/h3><div class=\"sc_item_descr sc_title_descr sc_align_center\"><p>Skontaktuj si\u0119 ju\u017c teraz<\/p>\n<\/div><\/div><!-- \/.sc_title --><\/div><\/div><!-- \/.sc_content -->[\/vc_column][\/vc_row][vc_row][vc_column width=&#8221;1\/4&#8243;][\/vc_column][vc_column width=&#8221;1\/2&#8243;][vc_row_inner][vc_column_inner][vc_column_text]<\/p>\n<p style=\"text-align: center;\"><strong>\u201eFabryka Ogrod\u00f3w\u201d<\/strong> Sabina Zaso\u0144ska<br \/>\nWierzawice 586, 37-300 Le\u017cajsk<\/p>\n<p style=\"text-align: center;\"><strong>Telefon:<\/strong> +48\u00a0886\u00a0289\u00a0779<br \/>\n<strong>E-mail:<\/strong> <a href=\"mailto:fabryka.ogrod@gmail.com\">fabryka.ogrod@gmail.com<\/a><\/p>\n<p style=\"text-align: center;\"><strong>Fb: <a href=\"https:\/\/www.facebook.com\/Fabryka-Ogrod%C3%B3w-192699191090733\">(9) Fabryka Ogrod\u00f3w | Facebook<\/a><br \/>\n<\/strong><strong>Instagram:<\/strong><\/p>\n<p>[\/vc_column_text][\/vc_column_inner][\/vc_row_inner][\/vc_column][vc_column width=&#8221;1\/4&#8243;][\/vc_column][\/vc_row][vc_row][vc_column]<div id=\"sc_title_985971929\"\n\t\tclass=\"sc_title color_style_default sc_title_default  vc_custom_1646779801213\"><h3 class=\"sc_item_title sc_title_title sc_align_center sc_item_title_style_default\">Napisz do nas!<\/h3><\/div><!-- \/.sc_title -->[\/vc_column][\/vc_row][vc_row][vc_column width=&#8221;1\/4&#8243;][\/vc_column][vc_column width=&#8221;1\/2&#8243;]<div role=\"form\" class=\"wpcf7\" id=\"wpcf7-f1709-o1\" lang=\"en-US\" dir=\"ltr\">\n<div class=\"screen-reader-response\"><p role=\"status\" aria-live=\"polite\" aria-atomic=\"true\"><\/p> <ul><\/ul><\/div>\n<form action=\"\/index.php?rest_route=%2Fwp%2Fv2%2Fpages%2F206#wpcf7-f1709-o1\" method=\"post\" class=\"wpcf7-form init\" novalidate=\"novalidate\" data-status=\"init\">\n<div style=\"display: none;\">\n<input type=\"hidden\" name=\"_wpcf7\" value=\"1709\" \/>\n<input type=\"hidden\" name=\"_wpcf7_version\" value=\"5.5.6\" \/>\n<input type=\"hidden\" name=\"_wpcf7_locale\" value=\"en_US\" \/>\n<input type=\"hidden\" name=\"_wpcf7_unit_tag\" value=\"wpcf7-f1709-o1\" \/>\n<input type=\"hidden\" name=\"_wpcf7_container_post\" value=\"0\" \/>\n<input type=\"hidden\" name=\"_wpcf7_posted_data_hash\" value=\"\" \/>\n<\/div>\n<div class=\"flex\">\n<div class='itm row' ><span class=\"wpcf7-form-control-wrap your-name\"><input type=\"text\" name=\"your-name\" value=\"\" size=\"40\" class=\"wpcf7-form-control wpcf7-text wpcf7-validates-as-required\" aria-required=\"true\" aria-invalid=\"false\" placeholder=\"Imi\u0119 i nazwisko*\" \/><\/span><\/div>\n<div class='itm row'><span class=\"wpcf7-form-control-wrap your-email\"><input type=\"email\" name=\"your-email\" value=\"\" size=\"40\" class=\"wpcf7-form-control wpcf7-text wpcf7-email wpcf7-validates-as-required wpcf7-validates-as-email\" aria-required=\"true\" aria-invalid=\"false\" placeholder=\"Tw\u00f3j e-mail*\" \/><\/span><\/div>\n<\/div>\n<div class=''><span class=\"wpcf7-form-control-wrap your-message\"><textarea name=\"your-message\" cols=\"40\" rows=\"10\" class=\"wpcf7-form-control wpcf7-textarea wpcf7-validates-as-required\" aria-required=\"true\" aria-invalid=\"false\" placeholder=\"Twoja wiadomo\u015b\u0107*\"><\/textarea><\/span><\/div>\n<div class=\"sc_form_field sc_form_field_button sc_form_field_submit\">\n<input type=\"submit\" value=\"Wy\u015blij wiadomo\u015b\u0107\" class=\"wpcf7-form-control has-spinner wpcf7-submit\" \/><\/div>\n<p style=\"display: none !important;\"><label>&#916;<textarea name=\"_wpcf7_ak_hp_textarea\" cols=\"45\" rows=\"8\" maxlength=\"100\"><\/textarea><\/label><input type=\"hidden\" id=\"ak_js_1\" name=\"_wpcf7_ak_js\" value=\"181\"\/><script>document.getElementById( \"ak_js_1\" ).setAttribute( \"value\", ( new Date() ).getTime() );<\/script><\/p><div class=\"wpcf7-response-output\" aria-hidden=\"true\"><\/div><\/form><\/div><div id=\"sc_googlemap_120566774_wrap\" class=\"sc_googlemap_wrap\"><div id=\"sc_googlemap_120566774\"\n\t\t\tclass=\"sc_googlemap sc_googlemap_default  vc_custom_1645049484853\"\n\t\t\t style=\"width:100%;height:385px;\"\t\t\tdata-zoom=\"13\"\n\t\t\tdata-style=\"light\"\n\t\t\tdata-cluster-icon=\"\"\n        ><iframe\n                    src=\"https:\/\/maps.google.com\/maps?t=m&output=embed&iwloc=near&z=13&q=Wierzawice+586%2C+37-300+Le%C5%BCajsk\"\n                    scrolling=\"no\"\n                    marginheight=\"0\"\n                    marginwidth=\"0\"\n                    frameborder=\"0\"\n                    aria-label=\"\"><\/iframe><\/div><\/div><!-- \/.sc_googlemap_wrap -->[\/vc_column][vc_column width=&#8221;1\/4&#8243;][\/vc_column][\/vc_row]<\/p>\n","protected":false},"excerpt":{"rendered":"<p>[vc_row][vc_column][vc_empty_space height=&#8221;4.35em&#8221; alter_height=&#8221;none&#8221; hide_on_mobile=&#8221;&#8221;][\/vc_column][\/vc_row][vc_row][vc_column width=&#8221;1\/4&#8243;][\/vc_column][vc_column width=&#8221;1\/2&#8243;][vc_row_inner][vc_column_inner][vc_column_text] \u201eFabryka Ogrod\u00f3w\u201d Sabina Zaso\u0144ska Wierzawice 586, 37-300 Le\u017cajsk Telefon: +48\u00a0886\u00a0289\u00a0779 E-mail: fabryka.ogrod@gmail.com Fb: (9) Fabryka Ogrod\u00f3w | Facebook Instagram: [\/vc_column_text][\/vc_column_inner][\/vc_row_inner][\/vc_column][vc_column width=&#8221;1\/4&#8243;][\/vc_column][\/vc_row][vc_row][vc_column][\/vc_column][\/vc_row][vc_row][vc_column width=&#8221;1\/4&#8243;][\/vc_column][vc_column width=&#8221;1\/2&#8243;][\/vc_column][vc_column width=&#8221;1\/4&#8243;][\/vc_column][\/vc_row]<\/p>\n","protected":false},"author":1,"featured_media":0,"parent":0,"menu_order":0,"comment_status":"closed","ping_status":"closed","template":"","meta":{"footnotes":""},"class_list":["post-206","page","type-page","status-publish","hentry"],"yoast_head":"<!-- This site is optimized with the Yoast SEO plugin v18.4.1 - https:\/\/yoast.com\/wordpress\/plugins\/seo\/ -->\n<title>Kontakt - Fabryka Ogrod\u00f3w<\/title>\n<meta name=\"robots\" content=\"index, follow, max-snippet:-1, max-image-preview:large, max-video-preview:-1\" \/>\n<link rel=\"canonical\" href=\"https:\/\/fabryka-ogrodow.com.pl\/?page_id=206\" \/>\n<meta property=\"og:locale\" content=\"pl_PL\" \/>\n<meta property=\"og:type\" content=\"article\" \/>\n<meta property=\"og:title\" content=\"Kontakt - Fabryka Ogrod\u00f3w\" \/>\n<meta property=\"og:description\" content=\"[vc_row][vc_column][vc_empty_space height=&#8221;4.35em&#8221; alter_height=&#8221;none&#8221; hide_on_mobile=&#8221;&#8221;][\/vc_column][\/vc_row][vc_row][vc_column width=&#8221;1\/4&#8243;][\/vc_column][vc_column width=&#8221;1\/2&#8243;][vc_row_inner][vc_column_inner][vc_column_text] \u201eFabryka Ogrod\u00f3w\u201d Sabina Zaso\u0144ska Wierzawice 586, 37-300 Le\u017cajsk Telefon: +48\u00a0886\u00a0289\u00a0779 E-mail: fabryka.ogrod@gmail.com Fb: (9) Fabryka Ogrod\u00f3w | Facebook Instagram: [\/vc_column_text][\/vc_column_inner][\/vc_row_inner][\/vc_column][vc_column width=&#8221;1\/4&#8243;][\/vc_column][\/vc_row][vc_row][vc_column][\/vc_column][\/vc_row][vc_row][vc_column width=&#8221;1\/4&#8243;][\/vc_column][vc_column width=&#8221;1\/2&#8243;][\/vc_column][vc_column width=&#8221;1\/4&#8243;][\/vc_column][\/vc_row]\" \/>\n<meta property=\"og:url\" content=\"https:\/\/fabryka-ogrodow.com.pl\/?page_id=206\" \/>\n<meta property=\"og:site_name\" content=\"Fabryka Ogrod\u00f3w\" \/>\n<meta property=\"article:modified_time\" content=\"2022-03-11T01:56:26+00:00\" \/>\n<meta name=\"twitter:card\" content=\"summary_large_image\" \/>\n<meta name=\"twitter:label1\" content=\"Szacowany czas czytania\" \/>\n\t<meta name=\"twitter:data1\" content=\"1 minuta\" \/>\n<script type=\"application\/ld+json\" class=\"yoast-schema-graph\">{\"@context\":\"https:\/\/schema.org\",\"@graph\":[{\"@type\":\"WebSite\",\"@id\":\"https:\/\/fabryka-ogrodow.com.pl\/#website\",\"url\":\"https:\/\/fabryka-ogrodow.com.pl\/\",\"name\":\"Fabryka Ogrod\u00f3w\",\"description\":\"\",\"potentialAction\":[{\"@type\":\"SearchAction\",\"target\":{\"@type\":\"EntryPoint\",\"urlTemplate\":\"https:\/\/fabryka-ogrodow.com.pl\/?s={search_term_string}\"},\"query-input\":\"required name=search_term_string\"}],\"inLanguage\":\"pl-PL\"},{\"@type\":\"WebPage\",\"@id\":\"https:\/\/fabryka-ogrodow.com.pl\/?page_id=206#webpage\",\"url\":\"https:\/\/fabryka-ogrodow.com.pl\/?page_id=206\",\"name\":\"Kontakt - Fabryka Ogrod\u00f3w\",\"isPartOf\":{\"@id\":\"https:\/\/fabryka-ogrodow.com.pl\/#website\"},\"datePublished\":\"2017-08-14T08:45:14+00:00\",\"dateModified\":\"2022-03-11T01:56:26+00:00\",\"breadcrumb\":{\"@id\":\"https:\/\/fabryka-ogrodow.com.pl\/?page_id=206#breadcrumb\"},\"inLanguage\":\"pl-PL\",\"potentialAction\":[{\"@type\":\"ReadAction\",\"target\":[\"https:\/\/fabryka-ogrodow.com.pl\/?page_id=206\"]}]},{\"@type\":\"BreadcrumbList\",\"@id\":\"https:\/\/fabryka-ogrodow.com.pl\/?page_id=206#breadcrumb\",\"itemListElement\":[{\"@type\":\"ListItem\",\"position\":1,\"name\":\"Kontakt\"}]}]}<\/script>\n<!-- \/ Yoast SEO plugin. -->","yoast_head_json":{"title":"Kontakt - Fabryka Ogrod\u00f3w","robots":{"index":"index","follow":"follow","max-snippet":"max-snippet:-1","max-image-preview":"max-image-preview:large","max-video-preview":"max-video-preview:-1"},"canonical":"https:\/\/fabryka-ogrodow.com.pl\/?page_id=206","og_locale":"pl_PL","og_type":"article","og_title":"Kontakt - Fabryka Ogrod\u00f3w","og_description":"[vc_row][vc_column][vc_empty_space height=&#8221;4.35em&#8221; alter_height=&#8221;none&#8221; hide_on_mobile=&#8221;&#8221;][\/vc_column][\/vc_row][vc_row][vc_column width=&#8221;1\/4&#8243;][\/vc_column][vc_column width=&#8221;1\/2&#8243;][vc_row_inner][vc_column_inner][vc_column_text] \u201eFabryka Ogrod\u00f3w\u201d Sabina Zaso\u0144ska Wierzawice 586, 37-300 Le\u017cajsk Telefon: +48\u00a0886\u00a0289\u00a0779 E-mail: fabryka.ogrod@gmail.com Fb: (9) Fabryka Ogrod\u00f3w | Facebook Instagram: [\/vc_column_text][\/vc_column_inner][\/vc_row_inner][\/vc_column][vc_column width=&#8221;1\/4&#8243;][\/vc_column][\/vc_row][vc_row][vc_column][\/vc_column][\/vc_row][vc_row][vc_column width=&#8221;1\/4&#8243;][\/vc_column][vc_column width=&#8221;1\/2&#8243;][\/vc_column][vc_column width=&#8221;1\/4&#8243;][\/vc_column][\/vc_row]","og_url":"https:\/\/fabryka-ogrodow.com.pl\/?page_id=206","og_site_name":"Fabryka Ogrod\u00f3w","article_modified_time":"2022-03-11T01:56:26+00:00","twitter_card":"summary_large_image","twitter_misc":{"Szacowany czas czytania":"1 minuta"},"schema":{"@context":"https:\/\/schema.org","@graph":[{"@type":"WebSite","@id":"https:\/\/fabryka-ogrodow.com.pl\/#website","url":"https:\/\/fabryka-ogrodow.com.pl\/","name":"Fabryka Ogrod\u00f3w","description":"","potentialAction":[{"@type":"SearchAction","target":{"@type":"EntryPoint","urlTemplate":"https:\/\/fabryka-ogrodow.com.pl\/?s={search_term_string}"},"query-input":"required name=search_term_string"}],"inLanguage":"pl-PL"},{"@type":"WebPage","@id":"https:\/\/fabryka-ogrodow.com.pl\/?page_id=206#webpage","url":"https:\/\/fabryka-ogrodow.com.pl\/?page_id=206","name":"Kontakt - Fabryka Ogrod\u00f3w","isPartOf":{"@id":"https:\/\/fabryka-ogrodow.com.pl\/#website"},"datePublished":"2017-08-14T08:45:14+00:00","dateModified":"2022-03-11T01:56:26+00:00","breadcrumb":{"@id":"https:\/\/fabryka-ogrodow.com.pl\/?page_id=206#breadcrumb"},"inLanguage":"pl-PL","potentialAction":[{"@type":"ReadAction","target":["https:\/\/fabryka-ogrodow.com.pl\/?page_id=206"]}]},{"@type":"BreadcrumbList","@id":"https:\/\/fabryka-ogrodow.com.pl\/?page_id=206#breadcrumb","itemListElement":[{"@type":"ListItem","position":1,"name":"Kontakt"}]}]}},"_links":{"self":[{"href":"https:\/\/fabryka-ogrodow.com.pl\/index.php?rest_route=\/wp\/v2\/pages\/206","targetHints":{"allow":["GET"]}}],"collection":[{"href":"https:\/\/fabryka-ogrodow.com.pl\/index.php?rest_route=\/wp\/v2\/pages"}],"about":[{"href":"https:\/\/fabryka-ogrodow.com.pl\/index.php?rest_route=\/wp\/v2\/types\/page"}],"author":[{"embeddable":true,"href":"https:\/\/fabryka-ogrodow.com.pl\/index.php?rest_route=\/wp\/v2\/users\/1"}],"replies":[{"embeddable":true,"href":"https:\/\/fabryka-ogrodow.com.pl\/index.php?rest_route=%2Fwp%2Fv2%2Fcomments&post=206"}],"version-history":[{"count":14,"href":"https:\/\/fabryka-ogrodow.com.pl\/index.php?rest_route=\/wp\/v2\/pages\/206\/revisions"}],"predecessor-version":[{"id":1961,"href":"https:\/\/fabryka-ogrodow.com.pl\/index.php?rest_route=\/wp\/v2\/pages\/206\/revisions\/1961"}],"wp:attachment":[{"href":"https:\/\/fabryka-ogrodow.com.pl\/index.php?rest_route=%2Fwp%2Fv2%2Fmedia&parent=206"}],"curies":[{"name":"wp","href":"https:\/\/api.w.org\/{rel}","templated":true}]}}