{"id":293,"date":"2017-08-14T14:44:23","date_gmt":"2017-08-14T14:44:23","guid":{"rendered":"https:\/\/greenthumb.themerex.net\/?page_id=293"},"modified":"2022-03-23T16:17:48","modified_gmt":"2022-03-23T15:17:48","slug":"our-benefits","status":"publish","type":"page","link":"https:\/\/fabryka-ogrodow.com.pl\/?page_id=293","title":{"rendered":"O firmie"},"content":{"rendered":"<p>[vc_row][vc_column][vc_row_inner][vc_column_inner width=&#8221;1\/4&#8243;][\/vc_column_inner][vc_column_inner width=&#8221;1\/2&#8243;][vc_empty_space hide_on_mobile=&#8221;&#8221;][vc_empty_space height=&#8221;2.2em&#8221; alter_height=&#8221;none&#8221; hide_on_mobile=&#8221;1&#8243;]<div id=\"sc_title_108215629\"\n\t\tclass=\"sc_title color_style_default sc_title_default  vc_custom_1647381884235\"><h6 class=\"sc_item_subtitle sc_title_subtitle sc_align_center sc_item_title_style_default\">Witajcie w Fabryce Ogrod\u00f3w<\/h6><h3 class=\"sc_item_title sc_title_title sc_align_center sc_item_title_style_default\">Tereny zieleni<\/h3><div class=\"sc_item_descr sc_title_descr sc_align_center\"><p>to nasza specjalno\u015b\u0107<\/p>\n<\/div><\/div><!-- \/.sc_title -->[vc_wp_text]\u201eFabryka Ogrod\u00f3w\u201d jest firm\u0105 specjalizuj\u0105c\u0105 si\u0119 w projektowaniu oraz kompleksowym zagospodarowaniu ogrod\u00f3w prywatnych i teren\u00f3w zieleni publicznej. Posiadana wiedza, do\u015bwiadczenie oraz kierunkowe wykszta\u0142cenie pozwol\u0105 na stworzenie zielonego otoczenia, kt\u00f3re b\u0119dzie spe\u0142nia\u0107 Pa\u0144stwa oczekiwania oraz zachwyca\u0107 przez lata.<\/p>\n<p>W projektowaniu poszukujemy rozwi\u0105za\u0144 estetycznych, funkcjonalnych oraz dopasowanych do potrzeb klient\u00f3w. Naszym celem jest stworzenie dzie\u0142a, w kt\u00f3rym projektowana przestrze\u0144 idealnie wpasuje si\u0119 w otoczenie, podkre\u015bli jego walory, ukryje niedoskona\u0142o\u015bci oraz w pe\u0142ni odda niepowtarzalny charakter danego miejsca.<\/p>\n<p>Na naszej stronie mo\u017cecie si\u0119 Pa\u0144stwo zapozna\u0107 z projektami i realizacjami wybranych ogrod\u00f3w.[\/vc_wp_text][vc_single_image image=&#8221;1223&#8243; img_size=&#8221;full&#8221; css=&#8221;.vc_custom_1645218335081{margin-top: 40px !important;}&#8221;]<div id=\"sc_title_2124141069\"\n\t\tclass=\"sc_title color_style_default sc_title_default  vc_custom_1647381937873\"><h6 class=\"sc_item_subtitle sc_title_subtitle sc_align_center sc_item_title_style_default\">Dlaczego my?<\/h6><h3 class=\"sc_item_title sc_title_title sc_align_center sc_item_title_style_default\">Stworzymy dla Ciebie ogr\u00f3d,<\/h3><div class=\"sc_item_descr sc_title_descr sc_align_center\"><p>kt\u00f3ry spe\u0142ni wszystkie Twoje oczekiwania<\/p>\n<\/div><\/div><!-- \/.sc_title -->[vc_single_image image=&#8221;1681&#8243; img_size=&#8221;full&#8221; alignment=&#8221;center&#8221; css=&#8221;.vc_custom_1645218418017{margin-top: 40px !important;}&#8221;][vc_empty_space height=&#8221;4.2em&#8221; alter_height=&#8221;none&#8221; hide_on_mobile=&#8221;1,3,2&#8243; el_class=&#8221;custom_hide&#8221;]<div id=\"sc_icons_140906246\" \n\tclass=\"sc_icons sc_icons_extra sc_icons_size_medium sc_align_left  vc_custom_1648048658371\"><div class=\"sc_icons_columns_wrap sc_item_columns trx_addons_columns_wrap columns_padding_bottom\"><div class=\"trx_addons_column-1_2\"><div class=\"sc_icons_item\"><div id=\"sc_icons_140906246_icon-smiling-girl-1\" class=\"sc_icons_icon sc_icon_type_ icon-smiling-girl-1\"\n\t\t\t\t\t\t\t\t\t\t\t\t><span class=\"sc_icon_type_ icon-smiling-girl-1\"><\/span><\/div>\t\t\t<div class=\"sc_icons_extra_info\">\n\t\t\t\t <h4 class=\"sc_icons_item_title\"><span>Indywidualne podej\u015bcie<\/span><\/h4><div class=\"sc_icons_item_description\"><span>Ka\u017cdy ogr\u00f3d kreujemy z pasj\u0105 i zaanga\u017cowaniem opieraj\u0105c si\u0119 na potrzebach inwestora, duchu miejsca oraz szacunku dla przyrody.<\/span><\/div>\t\t\t<\/div>\n\t\t<\/div><\/div><div class=\"trx_addons_column-1_2\"><div class=\"sc_icons_item\"><div id=\"sc_icons_140906246_icon-scissors\" class=\"sc_icons_icon sc_icon_type_ icon-scissors\"\n\t\t\t\t\t\t\t\t\t\t\t\t><span class=\"sc_icon_type_ icon-scissors\"><\/span><\/div>\t\t\t<div class=\"sc_icons_extra_info\">\n\t\t\t\t <h4 class=\"sc_icons_item_title\"><span>Szeroka gama us\u0142ug<\/span><\/h4><div class=\"sc_icons_item_description\"><span>Wykonujemy pe\u0142en zakres us\u0142ug ogrodniczych od projektu do realizacji i piel\u0119gnacji. Specjalizujemy si\u0119 tak\u017ce w projektowaniu i realizacji system\u00f3w automatycznego nawadniania.<\/span><\/div>\t\t\t<\/div>\n\t\t<\/div><\/div><div class=\"trx_addons_column-1_2\"><div class=\"sc_icons_item\"><div id=\"sc_icons_140906246_icon-users-group\" class=\"sc_icons_icon sc_icon_type_ icon-users-group\"\n\t\t\t\t\t\t\t\t\t\t\t\t><span class=\"sc_icon_type_ icon-users-group\"><\/span><\/div>\t\t\t<div class=\"sc_icons_extra_info\">\n\t\t\t\t <h4 class=\"sc_icons_item_title\"><span>Do\u015bwiadczony zesp\u00f3\u0142<\/span><\/h4><div class=\"sc_icons_item_description\"><span>Zatrudniamy najlepszych pracownik\u00f3w w naszej dziedzinie. Dzi\u0119ki temu oferujemy us\u0142ugi na najwy\u017cszym poziomie, kt\u00f3re procentuj\u0105 pe\u0142n\u0105 satysfakcj\u0105 klient\u00f3w.<\/span><\/div>\t\t\t<\/div>\n\t\t<\/div><\/div><div class=\"trx_addons_column-1_2\"><div class=\"sc_icons_item\"><div id=\"sc_icons_140906246_icon-trowel-2\" class=\"sc_icons_icon sc_icon_type_ icon-trowel-2\"\n\t\t\t\t\t\t\t\t\t\t\t\t><span class=\"sc_icon_type_ icon-trowel-2\"><\/span><\/div>\t\t\t<div class=\"sc_icons_extra_info\">\n\t\t\t\t <h4 class=\"sc_icons_item_title\"><span>Specjalistyczny sprz\u0119t<\/span><\/h4><div class=\"sc_icons_item_description\"><span>W swoim asortymencie mamy wszystkie niezb\u0119dne narz\u0119dzia do wykonywania prac ogrodniczych. Ponadto posiadamy jedn\u0105 z najlepszych mini\u0142adowarek przegubowych, dostosowan\u0105 do wielu zada\u0144. To najwy\u017cszej klasy urz\u0105dzenie MultiOne 8.4 S z wyposa\u017ceniem. Dzi\u0119ki niemu ka\u017cda praca zwi\u0105zana z za\u0142o\u017ceniem ogrodu przebiega szybciej i skuteczniej.<\/span><\/div>\t\t\t<\/div>\n\t\t<\/div><\/div><div class=\"trx_addons_column-1_2\"><div class=\"sc_icons_item\"><div id=\"sc_icons_140906246_icon-thumbs-up\" class=\"sc_icons_icon sc_icon_type_ icon-thumbs-up\"\n\t\t\t\t\t\t\t\t\t\t\t\t><span class=\"sc_icon_type_ icon-thumbs-up\"><\/span><\/div>\t\t\t<div class=\"sc_icons_extra_info\">\n\t\t\t\t <h4 class=\"sc_icons_item_title\"><span>Gwarancja jako\u015bci us\u0142ug i materia\u0142\u00f3w<\/span><\/h4><div class=\"sc_icons_item_description\"><span>W realizacjach stosujemy sprawdzone i najwy\u017csze jako\u015bciowo materia\u0142y. Zale\u017cy nam na wizerunku firmy, wi\u0119c robimy wszystko z dba\u0142o\u015bci\u0105 o ka\u017cdy detal tak, aby ogr\u00f3d cieszy\u0142 oko przez d\u0142ugi czas.<\/span><\/div>\t\t\t<\/div>\n\t\t<\/div><\/div><div class=\"trx_addons_column-1_2\"><div class=\"sc_icons_item\"><div id=\"sc_icons_140906246_icon-sprout-1\" class=\"sc_icons_icon sc_icon_type_ icon-sprout-1\"\n\t\t\t\t\t\t\t\t\t\t\t\t><span class=\"sc_icon_type_ icon-sprout-1\"><\/span><\/div>\t\t\t<div class=\"sc_icons_extra_info\">\n\t\t\t\t <h4 class=\"sc_icons_item_title\"><span>My\u015blimy EKOlogicznie<\/span><\/h4><div class=\"sc_icons_item_description\"><span>Bardzo zale\u017cy nam na przysz\u0142o\u015bci naszej planety, dlatego naszym klientom proponujemy ekologiczne rozwi\u0105zania, zgodne z natur\u0105.<\/span><\/div>\t\t\t<\/div>\n\t\t<\/div><\/div><\/div><\/div><!-- \/.sc_icons -->[\/vc_column_inner][vc_column_inner width=&#8221;1\/4&#8243;][\/vc_column_inner][\/vc_row_inner][\/vc_column][\/vc_row]<\/p>\n","protected":false},"excerpt":{"rendered":"<p>[vc_row][vc_column][vc_row_inner][vc_column_inner width=&#8221;1\/4&#8243;][\/vc_column_inner][vc_column_inner width=&#8221;1\/2&#8243;][vc_empty_space hide_on_mobile=&#8221;&#8221;][vc_empty_space height=&#8221;2.2em&#8221; alter_height=&#8221;none&#8221; hide_on_mobile=&#8221;1&#8243;][vc_wp_text]\u201eFabryka Ogrod\u00f3w\u201d jest firm\u0105 specjalizuj\u0105c\u0105 si\u0119 w projektowaniu oraz kompleksowym zagospodarowaniu ogrod\u00f3w prywatnych i teren\u00f3w zieleni publicznej. Posiadana wiedza, do\u015bwiadczenie oraz kierunkowe wykszta\u0142cenie pozwol\u0105&hellip;<\/p>\n","protected":false},"author":1,"featured_media":0,"parent":0,"menu_order":0,"comment_status":"closed","ping_status":"closed","template":"","meta":{"footnotes":""},"class_list":["post-293","page","type-page","status-publish","hentry"],"yoast_head":"<!-- This site is optimized with the Yoast SEO plugin v18.4.1 - https:\/\/yoast.com\/wordpress\/plugins\/seo\/ -->\n<title>O firmie - Fabryka Ogrod\u00f3w<\/title>\n<meta name=\"robots\" content=\"index, follow, max-snippet:-1, max-image-preview:large, max-video-preview:-1\" \/>\n<link rel=\"canonical\" href=\"https:\/\/fabryka-ogrodow.com.pl\/?page_id=293\" \/>\n<meta property=\"og:locale\" content=\"pl_PL\" \/>\n<meta property=\"og:type\" content=\"article\" \/>\n<meta property=\"og:title\" content=\"O firmie - Fabryka Ogrod\u00f3w\" \/>\n<meta property=\"og:description\" content=\"[vc_row][vc_column][vc_row_inner][vc_column_inner width=&#8221;1\/4&#8243;][\/vc_column_inner][vc_column_inner width=&#8221;1\/2&#8243;][vc_empty_space hide_on_mobile=&#8221;&#8221;][vc_empty_space height=&#8221;2.2em&#8221; alter_height=&#8221;none&#8221; hide_on_mobile=&#8221;1&#8243;][vc_wp_text]\u201eFabryka Ogrod\u00f3w\u201d jest firm\u0105 specjalizuj\u0105c\u0105 si\u0119 w projektowaniu oraz kompleksowym zagospodarowaniu ogrod\u00f3w prywatnych i teren\u00f3w zieleni publicznej. Posiadana wiedza, do\u015bwiadczenie oraz kierunkowe wykszta\u0142cenie pozwol\u0105&hellip;\" \/>\n<meta property=\"og:url\" content=\"https:\/\/fabryka-ogrodow.com.pl\/?page_id=293\" \/>\n<meta property=\"og:site_name\" content=\"Fabryka Ogrod\u00f3w\" \/>\n<meta property=\"article:modified_time\" content=\"2022-03-23T15:17:48+00:00\" \/>\n<meta name=\"twitter:card\" content=\"summary_large_image\" \/>\n<meta name=\"twitter:label1\" content=\"Szacowany czas czytania\" \/>\n\t<meta name=\"twitter:data1\" content=\"3 minuty\" \/>\n<script type=\"application\/ld+json\" class=\"yoast-schema-graph\">{\"@context\":\"https:\/\/schema.org\",\"@graph\":[{\"@type\":\"WebSite\",\"@id\":\"https:\/\/fabryka-ogrodow.com.pl\/#website\",\"url\":\"https:\/\/fabryka-ogrodow.com.pl\/\",\"name\":\"Fabryka Ogrod\u00f3w\",\"description\":\"\",\"potentialAction\":[{\"@type\":\"SearchAction\",\"target\":{\"@type\":\"EntryPoint\",\"urlTemplate\":\"https:\/\/fabryka-ogrodow.com.pl\/?s={search_term_string}\"},\"query-input\":\"required name=search_term_string\"}],\"inLanguage\":\"pl-PL\"},{\"@type\":\"WebPage\",\"@id\":\"https:\/\/fabryka-ogrodow.com.pl\/?page_id=293#webpage\",\"url\":\"https:\/\/fabryka-ogrodow.com.pl\/?page_id=293\",\"name\":\"O firmie - Fabryka Ogrod\u00f3w\",\"isPartOf\":{\"@id\":\"https:\/\/fabryka-ogrodow.com.pl\/#website\"},\"datePublished\":\"2017-08-14T14:44:23+00:00\",\"dateModified\":\"2022-03-23T15:17:48+00:00\",\"breadcrumb\":{\"@id\":\"https:\/\/fabryka-ogrodow.com.pl\/?page_id=293#breadcrumb\"},\"inLanguage\":\"pl-PL\",\"potentialAction\":[{\"@type\":\"ReadAction\",\"target\":[\"https:\/\/fabryka-ogrodow.com.pl\/?page_id=293\"]}]},{\"@type\":\"BreadcrumbList\",\"@id\":\"https:\/\/fabryka-ogrodow.com.pl\/?page_id=293#breadcrumb\",\"itemListElement\":[{\"@type\":\"ListItem\",\"position\":1,\"name\":\"O firmie\"}]}]}<\/script>\n<!-- \/ Yoast SEO plugin. -->","yoast_head_json":{"title":"O firmie - Fabryka Ogrod\u00f3w","robots":{"index":"index","follow":"follow","max-snippet":"max-snippet:-1","max-image-preview":"max-image-preview:large","max-video-preview":"max-video-preview:-1"},"canonical":"https:\/\/fabryka-ogrodow.com.pl\/?page_id=293","og_locale":"pl_PL","og_type":"article","og_title":"O firmie - Fabryka Ogrod\u00f3w","og_description":"[vc_row][vc_column][vc_row_inner][vc_column_inner width=&#8221;1\/4&#8243;][\/vc_column_inner][vc_column_inner width=&#8221;1\/2&#8243;][vc_empty_space hide_on_mobile=&#8221;&#8221;][vc_empty_space height=&#8221;2.2em&#8221; alter_height=&#8221;none&#8221; hide_on_mobile=&#8221;1&#8243;][vc_wp_text]\u201eFabryka Ogrod\u00f3w\u201d jest firm\u0105 specjalizuj\u0105c\u0105 si\u0119 w projektowaniu oraz kompleksowym zagospodarowaniu ogrod\u00f3w prywatnych i teren\u00f3w zieleni publicznej. Posiadana wiedza, do\u015bwiadczenie oraz kierunkowe wykszta\u0142cenie pozwol\u0105&hellip;","og_url":"https:\/\/fabryka-ogrodow.com.pl\/?page_id=293","og_site_name":"Fabryka Ogrod\u00f3w","article_modified_time":"2022-03-23T15:17:48+00:00","twitter_card":"summary_large_image","twitter_misc":{"Szacowany czas czytania":"3 minuty"},"schema":{"@context":"https:\/\/schema.org","@graph":[{"@type":"WebSite","@id":"https:\/\/fabryka-ogrodow.com.pl\/#website","url":"https:\/\/fabryka-ogrodow.com.pl\/","name":"Fabryka Ogrod\u00f3w","description":"","potentialAction":[{"@type":"SearchAction","target":{"@type":"EntryPoint","urlTemplate":"https:\/\/fabryka-ogrodow.com.pl\/?s={search_term_string}"},"query-input":"required name=search_term_string"}],"inLanguage":"pl-PL"},{"@type":"WebPage","@id":"https:\/\/fabryka-ogrodow.com.pl\/?page_id=293#webpage","url":"https:\/\/fabryka-ogrodow.com.pl\/?page_id=293","name":"O firmie - Fabryka Ogrod\u00f3w","isPartOf":{"@id":"https:\/\/fabryka-ogrodow.com.pl\/#website"},"datePublished":"2017-08-14T14:44:23+00:00","dateModified":"2022-03-23T15:17:48+00:00","breadcrumb":{"@id":"https:\/\/fabryka-ogrodow.com.pl\/?page_id=293#breadcrumb"},"inLanguage":"pl-PL","potentialAction":[{"@type":"ReadAction","target":["https:\/\/fabryka-ogrodow.com.pl\/?page_id=293"]}]},{"@type":"BreadcrumbList","@id":"https:\/\/fabryka-ogrodow.com.pl\/?page_id=293#breadcrumb","itemListElement":[{"@type":"ListItem","position":1,"name":"O firmie"}]}]}},"_links":{"self":[{"href":"https:\/\/fabryka-ogrodow.com.pl\/index.php?rest_route=\/wp\/v2\/pages\/293","targetHints":{"allow":["GET"]}}],"collection":[{"href":"https:\/\/fabryka-ogrodow.com.pl\/index.php?rest_route=\/wp\/v2\/pages"}],"about":[{"href":"https:\/\/fabryka-ogrodow.com.pl\/index.php?rest_route=\/wp\/v2\/types\/page"}],"author":[{"embeddable":true,"href":"https:\/\/fabryka-ogrodow.com.pl\/index.php?rest_route=\/wp\/v2\/users\/1"}],"replies":[{"embeddable":true,"href":"https:\/\/fabryka-ogrodow.com.pl\/index.php?rest_route=%2Fwp%2Fv2%2Fcomments&post=293"}],"version-history":[{"count":11,"href":"https:\/\/fabryka-ogrodow.com.pl\/index.php?rest_route=\/wp\/v2\/pages\/293\/revisions"}],"predecessor-version":[{"id":2025,"href":"https:\/\/fabryka-ogrodow.com.pl\/index.php?rest_route=\/wp\/v2\/pages\/293\/revisions\/2025"}],"wp:attachment":[{"href":"https:\/\/fabryka-ogrodow.com.pl\/index.php?rest_route=%2Fwp%2Fv2%2Fmedia&parent=293"}],"curies":[{"name":"wp","href":"https:\/\/api.w.org\/{rel}","templated":true}]}}